{"id":24,"date":"2016-02-03T12:41:19","date_gmt":"2016-02-03T12:41:19","guid":{"rendered":"http:\/\/microgenet.umh.es\/?page_id=24"},"modified":"2017-12-11T14:15:05","modified_gmt":"2017-12-11T13:15:05","slug":"jdlkfjldk","status":"publish","type":"page","link":"https:\/\/microgenet.umh.es\/ca\/jdlkfjldk\/","title":{"rendered":"<span lang=\"es\">(Espa\u00f1ol) \u00daltimas publicaciones cient\u00edficas UMH<\/span>"},"content":{"rendered":"<p><a href=\"https:\/\/microgenet.umh.es\/jdlkfjldk\/publicaciones-umh-2015-2017\/\" rel=\"attachment wp-att-287\">Publicaciones UMH 2015 2017<\/a><\/p>\n<p>1: Mehrshad M, Rodriguez-Valera F, Amoozegar MA, L\u00f3pez-Garc\u00eda P, Ghai R. The<br \/>\nenigmatic SAR202 cluster up close: shedding light on a globally distributed dark<br \/>\nocean lineage involved in sulfur cycling. ISME J. 2017 Dec 5. doi:<br \/>\n10.1038\/s41396-017-0009-5. [Epub ahead of print] PubMed PMID: 29208946.<br \/>\n2: Cabello-Yeves PJ, Ghai R, Mehrshad M, Picazo A, Camacho A, Rodriguez-Valera F.<br \/>\nReconstruction of Diverse Verrucomicrobial Genomes from Metagenome Datasets of<br \/>\nFreshwater Reservoirs. Front Microbiol. 2017 Nov 2;8:2131. doi:<br \/>\n10.3389\/fmicb.2017.02131. eCollection 2017. PubMed PMID: 29163419; PubMed Central<br \/>\nPMCID: PMC5673642.<br \/>\n3: Cabello-Yeves PJ, Zemskaya TI, Rosselli R, Coutinho FH, Zakharenko AS, Blinov<br \/>\nVV, Rodriguez-Valera F. Genomes of novel microbial lineages assembled from the<br \/>\nsub-ice waters of Lake Baikal. Appl Environ Microbiol. 2017 Oct 27. pii:<br \/>\nAEM.02132-17. doi: 10.1128\/AEM.02132-17. [Epub ahead of print] PubMed PMID:<br \/>\n29079621.<br \/>\n4: Shevchenko V, Mager T, Kovalev K, Polovinkin V, Alekseev A, Juettner J,<br \/>\nChizhov I, Bamann C, Vavourakis C, Ghai R, Gushchin I, Borshchevskiy V, Rogachev<br \/>\nA, Melnikov I, Popov A, Balandin T, Rodriguez-Valera F, Manstein DJ, Bueldt G,<br \/>\nBamberg E, Gordeliy V. Inward H(+) pump xenorhodopsin: Mechanism and alternative<br \/>\noptogenetic approach. Sci Adv. 2017 Sep 22;3(9):e1603187. doi:<br \/>\n10.1126\/sciadv.1603187. eCollection 2017 Sep. PubMed PMID: 28948217; PubMed<br \/>\nCentral PMCID: PMC5609834.<br \/>\n5: L\u00f3pez-P\u00e9rez M, Haro-Moreno JM, Gonzalez-Serrano R, Parras-Molt\u00f3 M,<br \/>\nRodriguez-Valera F. Genome diversity of marine phages recovered from<br \/>\nMediterranean metagenomes: Size matters. PLoS Genet. 2017 Sep 25;13(9):e1007018.<br \/>\ndoi: 10.1371\/journal.pgen.1007018. eCollection 2017 Sep. PubMed PMID: 28945750;<br \/>\nPubMed Central PMCID: PMC5628999.<br \/>\n6: Cabello-Yeves PJ, Haro-Moreno JM, Martin-Cuadrado AB, Ghai R, Picazo A,<br \/>\nCamacho A, Rodriguez-Valera F. Novel Synechococcus Genomes Reconstructed from<br \/>\nFreshwater Reservoirs. Front Microbiol. 2017 Jun 21;8:1151. doi:<br \/>\n10.3389\/fmicb.2017.01151. eCollection 2017. PubMed PMID: 28680419; PubMed Central<br \/>\nPMCID: PMC5478717.<br \/>\n7: Bolhuis H, Mart\u00edn-Cuadrado AB, Rosselli R, Pa\u0161i\u0107 L, Rodriguez-Valera F.<br \/>\nTranscriptome analysis of Haloquadratum walsbyi: vanity is but the surface. BMC<br \/>\nGenomics. 2017 Jul 3;18(1):510. doi: 10.1186\/s12864-017-3892-2. PubMed PMID:<br \/>\n28673248; PubMed Central PMCID: PMC5496347.<br \/>\n8: Martinez-Hernandez F, Fornas O, Lluesma Gomez M, Bolduc B, de la Cruz Pe\u00f1a MJ,<br \/>\nMart\u00ednez JM, Anton J, Gasol JM, Rosselli R, Rodriguez-Valera F, Sullivan MB,<br \/>\nAcinas SG, Martinez-Garcia M. Single-virus genomics reveals hidden cosmopolitan<br \/>\nand abundant viruses. Nat Commun. 2017 Jun 23;8:15892. doi: 10.1038\/ncomms15892.<br \/>\nPubMed PMID: 28643787; PubMed Central PMCID: PMC5490008.<br \/>\n9: Melnikov I, Polovinkin V, Kovalev K, Gushchin I, Shevtsov M, Shevchenko V,<br \/>\nMishin A, Alekseev A, Rodriguez-Valera F, Borshchevskiy V, Cherezov V, Leonard<br \/>\nGA, Gordeliy V, Popov A. Fast iodide-SAD phasing for high-throughput membrane<br \/>\nprotein structure determination. Sci Adv. 2017 May 12;3(5):e1602952. doi:<br \/>\n10.1126\/sciadv.1602952. eCollection 2017 May. PubMed PMID: 28508075; PubMed<br \/>\nCentral PMCID: PMC5429034.<br \/>\n10: Haro-Moreno JM, Rodriguez-Valera F, L\u00f3pez-Garc\u00eda P, Moreira D,<br \/>\nMartin-Cuadrado AB. New insights into marine group III Euryarchaeota, from dark<br \/>\nto light. ISME J. 2017 May;11(5):1102-1117. doi: 10.1038\/ismej.2016.188. Epub<br \/>\n2017 Jan 13. PubMed PMID: 28085158; PubMed Central PMCID: PMC5437922.<br \/>\n11: L\u00f3pez-P\u00e9rez M, Ramon-Marco N, Rodriguez-Valera F. Networking in microbes:<br \/>\nconjugative elements and plasmids in the genus Alteromonas. BMC Genomics. 2017<br \/>\nJan 5;18(1):36. doi: 10.1186\/s12864-016-3461-0. PubMed PMID: 28056800; PubMed<br \/>\nCentral PMCID: PMC5217437.<\/p>\n<p>12: Ghai R, Mehrshad M, Mizuno CM, Rodriguez-Valera F. Metagenomic recovery of<br \/>\nphage genomes of uncultured freshwater actinobacteria. ISME J. 2017<br \/>\nJan;11(1):304-308. doi: 10.1038\/ismej.2016.110. Epub 2016 Aug 9. PubMed PMID:<br \/>\n27505348; PubMed Central PMCID: PMC5315475.<br \/>\n13: Mizuno CM, Ghai R, Sagha\u00ef A, L\u00f3pez-Garc\u00eda P, Rodriguez-Valera F. Genomes of<br \/>\nAbundant and Widespread Viruses from the Deep Ocean. MBio. 2016 Jul 26;7(4). pii:<br \/>\ne00805-16. doi: 10.1128\/mBio.00805-16. PubMed PMID: 27460793; PubMed Central<br \/>\nPMCID: PMC4981710.<br \/>\n14: L\u00f3pez-P\u00e9rez M, Kimes NE, Haro-Moreno JM, Rodriguez-Valera F. Not All<br \/>\nParticles Are Equal: The Selective Enrichment of Particle-Associated Bacteria<br \/>\nfrom the Mediterranean Sea. Front Microbiol. 2016 Jun 22;7:996. doi:<br \/>\n10.3389\/fmicb.2016.00996. eCollection 2016. PubMed PMID: 27446036; PubMed Central<br \/>\nPMCID: PMC4916215.<br \/>\n15: Mojica FJ, Rodriguez-Valera F. The discovery of CRISPR in archaea and<br \/>\nbacteria. FEBS J. 2016 Sep;283(17):3162-9. doi: 10.1111\/febs.13766. Epub 2016 Jun<br \/>\n15. Review. PubMed PMID: 27234458.<br \/>\n16: L\u00f3pez-P\u00e9rez M, Rodriguez-Valera F. Pangenome Evolution in the Marine<br \/>\nBacterium Alteromonas. Genome Biol Evol. 2016 Jun 3;8(5):1556-70. doi:<br \/>\n10.1093\/gbe\/evw098. PubMed PMID: 27189983; PubMed Central PMCID: PMC4898812.<br \/>\n17: Ivanova EP, L\u00f3pez-P\u00e9rez M, Webb HK, Ng HJ, Dang TH, Zhukova NV, Mikhailov VV,<br \/>\nCrawford RJ, Rodriguez-Valera F. Thalassospira australica sp. nov. isolated from<br \/>\nsea water. Antonie Van Leeuwenhoek. 2016 Aug;109(8):1091-100. doi:<br \/>\n10.1007\/s10482-016-0710-9. Epub 2016 May 14. PubMed PMID: 27180097.<br \/>\n18: Rodriguez-Valera F, Martin-Cuadrado AB, L\u00f3pez-P\u00e9rez M. Flexible genomic<br \/>\nislands as drivers of genome evolution. Curr Opin Microbiol. 2016 Jun;31:154-160.<br \/>\ndoi: 10.1016\/j.mib.2016.03.014. Epub 2016 Apr 14. Review. PubMed PMID: 27085300.<br \/>\n19: Vavourakis CD, Ghai R, Rodriguez-Valera F, Sorokin DY, Tringe SG, Hugenholtz<br \/>\nP, Muyzer G. Metagenomic Insights into the Uncultured Diversity and Physiology of<br \/>\nMicrobes in Four Hypersaline Soda Lake Brines. Front Microbiol. 2016 Feb<br \/>\n25;7:211. doi: 10.3389\/fmicb.2016.00211. eCollection 2016. PubMed PMID: 26941731;<br \/>\nPubMed Central PMCID: PMC4766312.<br \/>\n20: Mehrshad M, Amoozegar MA, Ghai R, Shahzadeh Fazeli SA, Rodriguez-Valera F.<br \/>\nGenome Reconstruction from Metagenomic Data Sets Reveals Novel Microbes in the<br \/>\nBrackish Waters of the Caspian Sea. Appl Environ Microbiol. 2016 Jan<br \/>\n4;82(5):1599-612. doi: 10.1128\/AEM.03381-15. PubMed PMID: 26729711; PubMed<br \/>\nCentral PMCID: PMC4771326.<br \/>\n21: Zhang CL, Xie W, Martin-Cuadrado AB, Rodriguez-Valera F. Marine Group II<br \/>\nArchaea, potentially important players in the global ocean carbon cycle. Front<br \/>\nMicrobiol. 2015 Oct 13;6:1108. doi: 10.3389\/fmicb.2015.01108. eCollection 2015.<br \/>\nReview. PubMed PMID: 26528260; PubMed Central PMCID: PMC4602124.<br \/>\n22: Le\u00f3n MJ, Rodr\u00edguez-Olmos A, S\u00e1nchez-Porro C, L\u00f3pez-P\u00e9rez M, Rodr\u00edguez-Valera<br \/>\nF, Soliveri J, Ventosa A, Copa-Pati\u00f1o JL. Spiribacter curvatus sp. nov., a<br \/>\nmoderately halophilic bacterium isolated from a saltern. Int J Syst Evol<br \/>\nMicrobiol. 2015 Dec;65(12):4638-43. PubMed PMID: 26394793.<br \/>\n23: Martin-Cuadrado AB, Pa\u0161i\u0107 L, Rodriguez-Valera F. Diversity of the cell-wall<br \/>\nassociated genomic island of the archaeon Haloquadratum walsbyi. BMC Genomics.<br \/>\n2015 Aug 13;16:603. doi: 10.1186\/s12864-015-1794-8. PubMed PMID: 26268990; PubMed<br \/>\nCentral PMCID: PMC4535781.<br \/>\n24: Kimes NE, L\u00f3pez-P\u00e9rez M, Flores-F\u00e9lix JD, Ram\u00edrez-Bahena MH, Igual JM, Peix<br \/>\nA, Rodriguez-Valera F, Vel\u00e1zquez E. Pseudorhizobium pelagicum gen. nov., sp. nov.<br \/>\nisolated from a pelagic Mediterranean zone. Syst Appl Microbiol. 2015<br \/>\nJul;38(5):293-9. doi: 10.1016\/j.syapm.2015.05.003. Epub 2015 May 29. PubMed PMID:<br \/>\n26078205.<br \/>\n25: Carda-Di\u00e9guez M, Mizuno CM, Ghai R, Rodriguez-Valera F, Amaro C. Replicating<br \/>\nphages in the epidermal mucosa of the eel (Anguilla anguilla). Front Microbiol.<br \/>\n2015 Jan 29;6:3. doi: 10.3389\/fmicb.2015.00003. eCollection 2015. PubMed PMID:<br \/>\n25688234; PubMed Central PMCID: PMC4310352.<br \/>\n26: Mizuno CM, Rodriguez-Valera F, Ghai R. Genomes of planktonic<br \/>\nAcidimicrobiales: widening horizons for marine Actinobacteria by metagenomics.<br \/>\nMBio. 2015 Feb 10;6(1). pii: e02083-14. doi: 10.1128\/mBio.02083-14. PubMed PMID:<br \/>\n25670777; PubMed Central PMCID: PMC4337565.<br \/>\n27: L\u00f3pez-P\u00e9rez M, Rodriguez-Valera F, Webb HK, Crawford RJ, Ivanova EP.<br \/>\nCorrection for L\u00f3pez-P\u00e9rez et al., Genome Sequence of &#8220;Thalassospira australica&#8221;<br \/>\nNP3b2T Isolated from St. Kilda Beach, Tasman Sea. Genome Announc. 2015 Jan<br \/>\n22;3(1). pii: e01453-14. doi: 10.1128\/genomeA.01453-14. PubMed PMID: 25614566;<br \/>\nPubMed Central PMCID: PMC4319594.<\/p>\n","protected":false},"excerpt":{"rendered":"<p>Publicaciones UMH 2015 2017<br \/>\n1: Mehrshad M, Rodriguez-Valera F, Amoozegar MA, L\u00f3pez-Garc\u00eda P, Ghai R. The<br \/>\nenigmatic SAR202 cluster up close: shedding light on a globally distributed dark<br \/>\nocean lineage involved in sulfur cycling. ISME J. 2017 Dec 5. doi:<br \/>\n10.1038\/s41396-017-0009-5. [Epub ahead of print] PubMed PMID: 29208946.<br \/>\n2: Cabello-Yeves PJ, Ghai R, Mehrshad M, Picazo A, Camacho A, Rodriguez-Valera [&#8230;]<\/p>\n","protected":false},"author":226,"featured_media":0,"parent":0,"menu_order":0,"comment_status":"closed","ping_status":"open","template":"","meta":{"_links_to":"","_links_to_target":""},"_links":{"self":[{"href":"https:\/\/microgenet.umh.es\/ca\/wp-json\/wp\/v2\/pages\/24"}],"collection":[{"href":"https:\/\/microgenet.umh.es\/ca\/wp-json\/wp\/v2\/pages"}],"about":[{"href":"https:\/\/microgenet.umh.es\/ca\/wp-json\/wp\/v2\/types\/page"}],"author":[{"embeddable":true,"href":"https:\/\/microgenet.umh.es\/ca\/wp-json\/wp\/v2\/users\/226"}],"replies":[{"embeddable":true,"href":"https:\/\/microgenet.umh.es\/ca\/wp-json\/wp\/v2\/comments?post=24"}],"version-history":[{"count":0,"href":"https:\/\/microgenet.umh.es\/ca\/wp-json\/wp\/v2\/pages\/24\/revisions"}],"wp:attachment":[{"href":"https:\/\/microgenet.umh.es\/ca\/wp-json\/wp\/v2\/media?parent=24"}],"curies":[{"name":"wp","href":"https:\/\/api.w.org\/{rel}","templated":true}]}}