{"id":29,"date":"2016-02-09T09:59:17","date_gmt":"2016-02-09T09:59:17","guid":{"rendered":"http:\/\/microgenet.umh.es\/?page_id=29"},"modified":"2018-03-06T12:02:00","modified_gmt":"2018-03-06T11:02:00","slug":"publicaciones-irnas","status":"publish","type":"page","link":"https:\/\/microgenet.umh.es\/ca\/publicaciones-irnas\/","title":{"rendered":"<span lang=\"es\">(Espa\u00f1ol) \u00daltimas publicaciones Cient\u00edficas IRNAS-CSIC<\/span>"},"content":{"rendered":"<p class=\"qtranxs-available-languages-message qtranxs-available-languages-message-ca\">Ho sentim, aquesta entrada es troba disponible \u00fanicament en <a href=\"https:\/\/microgenet.umh.es\/es\/wp-json\/wp\/v2\/pages\/29\" class=\"qtranxs-available-language-link qtranxs-available-language-link-es\" title=\"Espa\u00f1ol\">Espanyol Europeu<\/a>.<\/p>","protected":false},"excerpt":{"rendered":"<p>Ho sentim, aquesta entrada es troba disponible \u00fanicament en Espanyol Europeu.<\/p>\n","protected":false},"author":226,"featured_media":0,"parent":0,"menu_order":0,"comment_status":"closed","ping_status":"open","template":"","meta":{"_links_to":"","_links_to_target":""},"_links":{"self":[{"href":"https:\/\/microgenet.umh.es\/ca\/wp-json\/wp\/v2\/pages\/29"}],"collection":[{"href":"https:\/\/microgenet.umh.es\/ca\/wp-json\/wp\/v2\/pages"}],"about":[{"href":"https:\/\/microgenet.umh.es\/ca\/wp-json\/wp\/v2\/types\/page"}],"author":[{"embeddable":true,"href":"https:\/\/microgenet.umh.es\/ca\/wp-json\/wp\/v2\/users\/226"}],"replies":[{"embeddable":true,"href":"https:\/\/microgenet.umh.es\/ca\/wp-json\/wp\/v2\/comments?post=29"}],"version-history":[{"count":0,"href":"https:\/\/microgenet.umh.es\/ca\/wp-json\/wp\/v2\/pages\/29\/revisions"}],"wp:attachment":[{"href":"https:\/\/microgenet.umh.es\/ca\/wp-json\/wp\/v2\/media?parent=29"}],"curies":[{"name":"wp","href":"https:\/\/api.w.org\/{rel}","templated":true}]}}