{"id":39,"date":"2016-02-09T10:16:42","date_gmt":"2016-02-09T10:16:42","guid":{"rendered":"http:\/\/microgenet.umh.es\/?page_id=39"},"modified":"2017-12-11T14:20:01","modified_gmt":"2017-12-11T13:20:01","slug":"ultimas-publicaciones-cientificas-2","status":"publish","type":"page","link":"https:\/\/microgenet.umh.es\/ca\/ultimas-publicaciones-cientificas-2\/","title":{"rendered":"<span lang=\"es\">(Espa\u00f1ol) \u00daltimas Publicaciones Cient\u00edficas U.V.<\/span>"},"content":{"rendered":"<p class=\"qtranxs-available-languages-message qtranxs-available-languages-message-ca\">Ho sentim, aquesta entrada es troba disponible \u00fanicament en <a href=\"https:\/\/microgenet.umh.es\/es\/wp-json\/wp\/v2\/pages\/39\" class=\"qtranxs-available-language-link qtranxs-available-language-link-es\" title=\"Espa\u00f1ol\">Espanyol Europeu<\/a> i <a href=\"https:\/\/microgenet.umh.es\/en\/wp-json\/wp\/v2\/pages\/39\" class=\"qtranxs-available-language-link qtranxs-available-language-link-en\" title=\"English\">Angl\u00e8s Americ\u00e0<\/a>.<\/p>","protected":false},"excerpt":{"rendered":"<p>Ho sentim, aquesta entrada es troba disponible \u00fanicament en Espanyol Europeu i Angl\u00e8s Americ\u00e0.<\/p>\n","protected":false},"author":226,"featured_media":0,"parent":0,"menu_order":0,"comment_status":"closed","ping_status":"open","template":"","meta":{"_links_to":"","_links_to_target":""},"_links":{"self":[{"href":"https:\/\/microgenet.umh.es\/ca\/wp-json\/wp\/v2\/pages\/39"}],"collection":[{"href":"https:\/\/microgenet.umh.es\/ca\/wp-json\/wp\/v2\/pages"}],"about":[{"href":"https:\/\/microgenet.umh.es\/ca\/wp-json\/wp\/v2\/types\/page"}],"author":[{"embeddable":true,"href":"https:\/\/microgenet.umh.es\/ca\/wp-json\/wp\/v2\/users\/226"}],"replies":[{"embeddable":true,"href":"https:\/\/microgenet.umh.es\/ca\/wp-json\/wp\/v2\/comments?post=39"}],"version-history":[{"count":0,"href":"https:\/\/microgenet.umh.es\/ca\/wp-json\/wp\/v2\/pages\/39\/revisions"}],"wp:attachment":[{"href":"https:\/\/microgenet.umh.es\/ca\/wp-json\/wp\/v2\/media?parent=39"}],"curies":[{"name":"wp","href":"https:\/\/api.w.org\/{rel}","templated":true}]}}