{"id":43,"date":"2016-02-09T10:38:32","date_gmt":"2016-02-09T10:38:32","guid":{"rendered":"http:\/\/microgenet.umh.es\/?page_id=43"},"modified":"2017-12-11T15:34:04","modified_gmt":"2017-12-11T14:34:04","slug":"ultimas-publicaciones-cientificas-eez-csic","status":"publish","type":"page","link":"https:\/\/microgenet.umh.es\/ca\/ultimas-publicaciones-cientificas-eez-csic\/","title":{"rendered":"<span lang=\"es\">(Espa\u00f1ol) \u00daltimas Publicaciones Cient\u00edficas EEZ-CSIC<\/span>"},"content":{"rendered":"<p class=\"qtranxs-available-languages-message qtranxs-available-languages-message-ca\">Ho sentim, aquesta entrada es troba disponible \u00fanicament en <a href=\"https:\/\/microgenet.umh.es\/en\/wp-json\/wp\/v2\/pages\/43\" class=\"qtranxs-available-language-link qtranxs-available-language-link-en\" title=\"English\">Angl\u00e8s Americ\u00e0<\/a>.<\/p>","protected":false},"excerpt":{"rendered":"<p>Ho sentim, aquesta entrada es troba disponible \u00fanicament en Angl\u00e8s Americ\u00e0.<\/p>\n","protected":false},"author":226,"featured_media":0,"parent":0,"menu_order":0,"comment_status":"closed","ping_status":"open","template":"","meta":{"_links_to":"","_links_to_target":""},"_links":{"self":[{"href":"https:\/\/microgenet.umh.es\/ca\/wp-json\/wp\/v2\/pages\/43"}],"collection":[{"href":"https:\/\/microgenet.umh.es\/ca\/wp-json\/wp\/v2\/pages"}],"about":[{"href":"https:\/\/microgenet.umh.es\/ca\/wp-json\/wp\/v2\/types\/page"}],"author":[{"embeddable":true,"href":"https:\/\/microgenet.umh.es\/ca\/wp-json\/wp\/v2\/users\/226"}],"replies":[{"embeddable":true,"href":"https:\/\/microgenet.umh.es\/ca\/wp-json\/wp\/v2\/comments?post=43"}],"version-history":[{"count":0,"href":"https:\/\/microgenet.umh.es\/ca\/wp-json\/wp\/v2\/pages\/43\/revisions"}],"wp:attachment":[{"href":"https:\/\/microgenet.umh.es\/ca\/wp-json\/wp\/v2\/media?parent=43"}],"curies":[{"name":"wp","href":"https:\/\/api.w.org\/{rel}","templated":true}]}}