{"id":43,"date":"2016-02-09T10:38:32","date_gmt":"2016-02-09T10:38:32","guid":{"rendered":"http:\/\/microgenet.umh.es\/?page_id=43"},"modified":"2017-12-11T15:34:04","modified_gmt":"2017-12-11T14:34:04","slug":"ultimas-publicaciones-cientificas-eez-csic","status":"publish","type":"page","link":"https:\/\/microgenet.umh.es\/en\/ultimas-publicaciones-cientificas-eez-csic\/","title":{"rendered":"Recent Papers EEZ-CSIC"},"content":{"rendered":"<p><a href=\"https:\/\/microgenet.umh.es\/ultimas-publicaciones-cientificas-eez-csic\/publicaciones-2017_nicolas-toro\/\" rel=\"attachment wp-att-290\">Publicaciones 2017_Nicol\u00e1s Toro<\/a><\/p>\n<p><strong>2015<\/strong><\/p>\n<p><strong>Publicaciones en Revistas<\/strong><\/p>\n<p>-Lafuente, A., Doukkali, B., Molina-S\u00e1nchez, M.D., Jim\u00e9nez-Zurdo, J.I., Caviedes, M.A., Rodr\u00edguez-Llorente, I., Pajuelo, E. 2015. Unraveling the effect of arsenic on the model <em>Medicago-Sinorhizobium<\/em> interaction: A transcriptomic meta-analysis. New Phytologist 205: 255-272<\/p>\n<p>-Torres D, Revale S, Obando M, Maroniche G, Paris G, Perticari A, Vazquez M, Wisniewski-Dy\u00e9 F, Mart\u00ednez-Abarca F, Cass\u00e1n F. 2015. Genome Sequence of <em>Bradyrhizobium japonicum<\/em> E109, One of the Most Agronomically Used Nitrogen-Fixing Rhizobacteria in Argentina. Genome Announc. 3(1): e01566-14.<\/p>\n<p>-Calleja-Cervantes, M.E.; Fern\u00e1ndez-Gonz\u00e1lez, A.J.; Irigoyen, I.; Fern\u00e1ndez-L\u00f3pez, M.; Aparicio-Tejo, P.M.; Men\u00e9ndez, S. 2015. Thirteen years of continued application of composted organic wastes in a vineyard modify soil quality characteristics. Soil Biology and Biochemistry, 90: 241-254.<\/p>\n<p>-Calleja-Cervantes, M.E.; Men\u00e9ndez, S.; Fern\u00e1ndez-Gonz\u00e1lez, A.J.; Irigoyen, I.; Cibri\u00e1in-Sabalza, J.F.; Toro, N.; Aparicio-Tejo, P.M.; Fern\u00e1ndez-L\u00f3pez, M. 2015. Changes in soil nutrient content and bacterial community after 12 years of organic amendment application to a vineyard. European Journal of Soil Science, 66: 802-812.<\/p>\n<p>-Cobo-D\u00edaz, J.F.; Fern\u00e1ndez-Gonz\u00e1lez, A.J.; Villadas, P.J.; Robles, A.B.; Toro, N.; Fern\u00e1ndez-L\u00f3pez, M. 2015. Metagenomic assessment of the potential microbial nitrogen pathways in the rhizosphere of a Mediterranean forest after a wildfire. Microbial Ecology, 69: 895-904.<\/p>\n<p>-Molina-S\u00e1nchez, M.D.; L\u00f3pez-Contreras, J.A.; Toro, N.; Fern\u00e1ndez-L\u00f3pez, M. 2015. Genomic characterization of <em>Sinorhizobium meliloti<\/em> AK21, a wild isolate from the Aral Sea Region. SpringerPlus, 4: 259.<\/p>\n<p>-Molina-S\u00e1nchez MD, Toro N. <a href=\"http:\/\/www.ncbi.nlm.nih.gov\/pubmed\/26156864\">Inactivation of group II intron RmInt1 in the <em>Sinorhizobium meliloti <\/em>genome.<\/a> 2015. Sci Rep. Jul 9;5:12036. doi: 10.1038\/srep12036.<\/p>\n<p>-Reinoso-Colacio, M.; Garc\u00eda-Rodr\u00edguez, F.M.; Garc\u00eda-Ca\u00f1adas, M.; Amador-Cubero, S.; P\u00e9rez, J.L.G.; Toro, N. 2015. Localization of a bacterial group II intron-encoded protein in human cells. Scientific Reports, 5: 12716.<\/p>\n<p>-Robledo, M.; Jim\u00e9nez-Zurdo, J.I. 2015. Unraveling the universe of small RNA regulators in the legume symbiont <em>Sinorhizobium meliloti<\/em>. Symbiosis, 67: 43-54.<\/p>\n<p>-Robledo, M.; Jim\u00e9nez-Zurdo, J.I.; Becker, A. 2015. Antisense transcription of symbiotic genes in <em>Sinorhizobium meliloti<\/em>. Symbiosis, 67: 55-67.<\/p>\n<p>-Curiel-Yuste, J.; Flores-Renter\u00eda, D.; Barba, J.; Fern\u00e1ndez-L\u00f3pez, M.; Lloret, F.; Mattana, S.; Pe\u00f1uelas, J.; Pizano, C. 2015. El suelo que pisamos, un ecosistema de infinita variedad. MNCN NaturalMente, 5: 5-9.<\/p>\n<p><strong>Publicaciones de libros y monograf\u00edas<\/strong><\/p>\n<p>-High School Students for Agricultural Science Research IV. 2015. Varios autores. Editores Cient\u00edficos: Mart\u00ednez-Abarca, F.; Mart\u00edn, J.M.; Alch\u00e9, J.D.; Espinosa, M.; Alguacil, S. Estaci\u00f3n Experimental del Zaid\u00edn, Consejo Superior de Investigaciones Cient\u00edficas. 45 p\u00e1gs. ISSN: 2340-9746.<\/p>\n<p><strong>Cap\u00edtulos en libros <\/strong><\/p>\n<p>-Molina-S\u00e1nchez, M.D.; Nisa-Mart\u00ednez, R.; Garc\u00eda-Rodr\u00edguez, F.M.; Mart\u00ednez-Abarca, F.; Toro, N. 2015. Intron biology, focusing on group II introns the ancestors of spliceosomal introns. En: Genomic Elements in Health, Disease and Evolution. Springer Science + Business Media, p\u00e1gs. 195-219. ISBN: 978-1-4939-3069-2.<\/p>\n<p>Jim\u00e9nez-Zurdo, J.I., Torres-Quesada, O. Valverde, C., Sobrero, P. 2015. Contribution of the RNA chaperone Hfq to environmental fitness and symbiosis in <em>Sinorhizobium meliloti<\/em>. En: Biological Nitrogen Fixation, First Edition Ed. Frans J. de Bruijn. John Wiley &amp; Sons, Inc. Hoboken, NJ, USA. pp. 737-745. ISBN: 978-1-118-63704-3.<\/p>\n<p>Benavente, C.; Trespando, V.F.; Iglesias, M.; Leal, M.E.; Padilla, A.J.; Pardo, L.; Mart\u00ednez-Abarca, F. 2015. Variations in the spontaneous mutation rate of a soil bacterium. Effect of gene location. En: High School Students for Agricultural Science Research, 4: 23-30. ISSN: 2340-9746.<\/p>\n<p><strong>2016<\/strong><\/p>\n<p><strong>Publicaciones en Revistas<\/strong><\/p>\n<p>-Toro N, Mart\u00ednez-Abarca F, Fern\u00e1ndez-L\u00f3pez M. <a href=\"http:\/\/www.ncbi.nlm.nih.gov\/pubmed\/27495742\">The early events underlying genome evolution in a localized Sinorhizobium meliloti population.<\/a> 2016. BMC Genomics. Aug 5;17:556. doi: 10.1186\/s12864-016-2878-9.<\/p>\n<p>-Molina-S\u00e1nchez MD, Garc\u00eda-Rodrigez FM, Toro N. <a href=\"http:\/\/journal.frontiersin.org\/article\/10.3389\/fmolb.2016.00058\">Functionality of in vitro reconstituted group II intron RmInt1-derived ribonucleoprotein particles<\/a>. 2016. Front. Mol. Biosci. | doi: 10.3389\/fmolb.2016.00058.<\/p>\n<p>-Nisa-Mart\u00ednez R, Molina-S\u00e1nchez MD, Toro N. <a href=\"http:\/\/www.ncbi.nlm.nih.gov\/pubmed\/27588750\">Host factors influencing the retrohoming pathway of Group II intron RmInt1, which has an Intron-Encoded Protein naturally devoid of Endonuclease activity.<\/a> PLoS One. 2016 Sep 2;11(9):e0162275. doi: 10.1371\/journal.pone.0162275.<\/p>\n<p>-Toro N, Molina-S\u00e1nchez MD, Nisa-Mart\u00ednez R, Mart\u00ednez-Abarca F, Garc\u00eda-Rodr\u00edguez FM. 2016. Bacterial Group II Introns: Identification and Mobility Assay. Methods Mol Biol; 1400: 21-32.<\/p>\n<p>-Correa-Galeote, D., E.J. Bedmar., A.J. Fern\u00e1ndez-Gonz\u00e1lez, M. Fern\u00e1ndez-L\u00f3pez, G.J. Arone. 2016. Bacterial communities in the rhizosphere of amilaceous maize (<em>Zea mays<\/em> L.) as assessed by pyrosequencing. Frontiers in Plant Science, 7: 1016.<\/p>\n<p>-Calleja-Cervantes, M.E., P.M. Aparicio-Tejo, P.J. Villadas, I. Irigoyen, J. Ira\u00f1eta, A.J. Fern\u00e1ndez-Gonz\u00e1lez, M. Fern\u00e1ndez-L\u00f3pez and S. Men\u00e9ndez. 2016. Rational application of treated sewage sludge with urea increases GHG mitigation opportunities in Mediterranean soils. Agriculture, Ecosystems and Environment, DOI: <a href=\"http:\/\/dx.doi.org\/10.1016\/j.agee.2016.09.021\">http:\/\/dx.doi.org\/10.1016\/j.agee.2016.09.021<\/a>.<\/p>\n<p>-Aguirre-Garrido JF, Ram\u00edrez-Saad HC, Toro N, Mart\u00ednez-Abarca F. 2016. Bacterial Diversity in the Soda Saline Crater Lake from Isabel Island, Mexico. Microb Ecol. 71: 68-77.<\/p>\n<p><strong>Publicaciones de libros y monograf\u00edas<\/strong><\/p>\n<p>-High School Students for Agricultural Science Research V. 2016. Varios autores. Editores Cient\u00edficos: Mart\u00ednez-Abarca, F, Alch\u00e9 JD, Espinosa-Urgel M, Palma JM. Estaci\u00f3n Experimental del Zaid\u00edn, Consejo Superior de Investigaciones Cient\u00edficas. 69 p\u00e1gs. ISSN: 2340-9746.<\/p>\n<p><strong>Cap\u00edtulos en libros <\/strong><\/p>\n<p><strong>&#8211;\u00a0<\/strong>A.M. Bolivar, M.L. Candela, P. Collado, M.L. Freire, C. Molina, L. Torres, C.M. Vargas, F. Mart\u00ednez-Abarca. 2016. Study of the ultra-violet light effect on the mutation frequency in a soil bacterium. En: High School Students for Agricultural Science Research, 5:18-26. ISSN: 2340-9746.<\/p>\n<p><strong>\u00a0<\/strong>Recent Papers EEZ-CSIC<\/p>","protected":false},"excerpt":{"rendered":"<p>Publicaciones 2017_Nicol\u00e1s Toro<br \/>\n2015<br \/>\nPublicaciones en Revistas<br \/>\n-Lafuente, A., Doukkali, B., Molina-S\u00e1nchez, M.D., Jim\u00e9nez-Zurdo, J.I., Caviedes, M.A., Rodr\u00edguez-Llorente, I., Pajuelo, E. 2015. Unraveling the effect of arsenic on the model Medicago-Sinorhizobium interaction: A transcriptomic meta-analysis. New Phytologist 205: 255-272<br \/>\n-Torres D, Revale S, Obando M, Maroniche G, Paris G, Perticari A, Vazquez M, Wisniewski-Dy\u00e9 F, Mart\u00ednez-Abarca F, Cass\u00e1n F. [&#8230;]<\/p>\n","protected":false},"author":226,"featured_media":0,"parent":0,"menu_order":0,"comment_status":"closed","ping_status":"open","template":"","meta":{"_links_to":"","_links_to_target":""},"_links":{"self":[{"href":"https:\/\/microgenet.umh.es\/en\/wp-json\/wp\/v2\/pages\/43"}],"collection":[{"href":"https:\/\/microgenet.umh.es\/en\/wp-json\/wp\/v2\/pages"}],"about":[{"href":"https:\/\/microgenet.umh.es\/en\/wp-json\/wp\/v2\/types\/page"}],"author":[{"embeddable":true,"href":"https:\/\/microgenet.umh.es\/en\/wp-json\/wp\/v2\/users\/226"}],"replies":[{"embeddable":true,"href":"https:\/\/microgenet.umh.es\/en\/wp-json\/wp\/v2\/comments?post=43"}],"version-history":[{"count":0,"href":"https:\/\/microgenet.umh.es\/en\/wp-json\/wp\/v2\/pages\/43\/revisions"}],"wp:attachment":[{"href":"https:\/\/microgenet.umh.es\/en\/wp-json\/wp\/v2\/media?parent=43"}],"curies":[{"name":"wp","href":"https:\/\/api.w.org\/{rel}","templated":true}]}}