{"id":47,"date":"2016-02-09T11:07:43","date_gmt":"2016-02-09T11:07:43","guid":{"rendered":"http:\/\/microgenet.umh.es\/?page_id=47"},"modified":"2016-02-09T11:11:53","modified_gmt":"2016-02-09T11:11:53","slug":"ecologia-genetica-de-la-rizosfera","status":"publish","type":"page","link":"https:\/\/microgenet.umh.es\/en\/ecologia-genetica-de-la-rizosfera\/","title":{"rendered":"<span lang=\"es\">(Espa\u00f1ol) Ecolog\u00eda Gen\u00e9tica de la Rizosfera<\/span>"},"content":{"rendered":"<p><\/p>\n<h2><a href=\"https:\/\/microgenet.umh.es\/files\/2016\/02\/Foto-grupo-EEZ.jpg\"><img loading=\"lazy\" class=\"alignnone size-thumbnail wp-image-48\" src=\"https:\/\/microgenet.umh.es\/files\/2016\/02\/Foto-grupo-EEZ-150x150.jpg\" alt=\"Foto grupo EEZ\" width=\"150\" height=\"150\" \/><\/a><a href=\"http:\/\/www.eez.csic.es\/?q=en\/node\/42\">Structure, Dynamics and Function of Rhizobacterial Genomes<\/a><\/h2>\n<p><strong>General Objectives<\/strong><\/p>\n<p>The group\u2019s main objective is to gain basic and applied knowledge on the beneficial interactions between plants and microorganisms of interest in agriculture and forestry. To achieve this general objective, the group is focusing on the ecology of rhizosphere microorganisms and their use in the recovery of degraded soils, as well as on the genomic analysis of soil microbial communities; on the development of the functional genomics of microorganisms and plants using Group II introns as highly-efficient mutagenic tools, and finally, on the applications of genomic technology to study rhizosphere colonization and the characterization of new RNA regulators in symbiotic microorganisms.<\/p>","protected":false},"excerpt":{"rendered":"<p>Structure, Dynamics and Function of Rhizobacterial Genomes<br \/>\nGeneral Objectives<br \/>\nThe group\u2019s main objective is to gain basic and applied knowledge on the beneficial interactions between plants and microorganisms of interest in agriculture and forestry. To achieve this general objective, the group is focusing on the ecology of rhizosphere microorganisms and their use in the recovery of degraded [&#8230;]<\/p>\n","protected":false},"author":226,"featured_media":0,"parent":0,"menu_order":0,"comment_status":"closed","ping_status":"open","template":"","meta":{"_links_to":"","_links_to_target":""},"_links":{"self":[{"href":"https:\/\/microgenet.umh.es\/en\/wp-json\/wp\/v2\/pages\/47"}],"collection":[{"href":"https:\/\/microgenet.umh.es\/en\/wp-json\/wp\/v2\/pages"}],"about":[{"href":"https:\/\/microgenet.umh.es\/en\/wp-json\/wp\/v2\/types\/page"}],"author":[{"embeddable":true,"href":"https:\/\/microgenet.umh.es\/en\/wp-json\/wp\/v2\/users\/226"}],"replies":[{"embeddable":true,"href":"https:\/\/microgenet.umh.es\/en\/wp-json\/wp\/v2\/comments?post=47"}],"version-history":[{"count":0,"href":"https:\/\/microgenet.umh.es\/en\/wp-json\/wp\/v2\/pages\/47\/revisions"}],"wp:attachment":[{"href":"https:\/\/microgenet.umh.es\/en\/wp-json\/wp\/v2\/media?parent=47"}],"curies":[{"name":"wp","href":"https:\/\/api.w.org\/{rel}","templated":true}]}}