{"id":54,"date":"2016-02-09T11:26:42","date_gmt":"2016-02-09T11:26:42","guid":{"rendered":"http:\/\/microgenet.umh.es\/?page_id=54"},"modified":"2016-02-19T09:00:49","modified_gmt":"2016-02-19T09:00:49","slug":"desarrollo-procariotico","status":"publish","type":"page","link":"https:\/\/microgenet.umh.es\/en\/desarrollo-procariotico\/","title":{"rendered":"<span lang=\"es\">(Espa\u00f1ol) Desarrollo Procari\u00f3tico<\/span>"},"content":{"rendered":"<p><a href=\"https:\/\/microgenet.umh.es\/files\/2016\/02\/grupo-DP-Granada.jpg\"><img loading=\"lazy\" class=\"alignnone size-thumbnail wp-image-50\" src=\"https:\/\/microgenet.umh.es\/files\/2016\/02\/grupo-DP-Granada-150x150.jpg\" alt=\"grupo DP Granada\" width=\"150\" height=\"150\" \/><\/a><\/p>\n<p>Este grupo de investigaci\u00f3n\u00a0 se consolid\u00f3 en el a\u00f1o 2007, y principalmente se centra en la biolog\u00eda molecular cl\u00e1sica y gen\u00f3mica funcional, utilizando como modelo la bacteria Myxococcus xanthus.<\/p>\n<p>Las l\u00edneas de investigaci\u00f3n son las siguientes:<\/p>\n<p>&#8211;\u00a0<a href=\"http:\/\/ofertaimasd.ugr.es\/bio\/lineas-de-investigacion\/desarrollo-procariotico\/\" target=\"_blank\">Desarrollo procari\u00f3tico<\/a><\/p>\n<p>&#8211;\u00a0<a href=\"http:\/\/ofertaimasd.ugr.es\/bio\/lineas-de-investigacion\/respuesta-global-al-cobre\/\" target=\"_blank\">Respuesta global al cobre<\/a><\/p>\n<p>&#8211;\u00a0<a href=\"http:\/\/ofertaimasd.ugr.es\/bio\/lineas-de-investigacion\/genomica-bacteriana\/\" target=\"_blank\">Gen\u00f3mica bacteriana<\/a><\/p>","protected":false},"excerpt":{"rendered":"<p>Este grupo de investigaci\u00f3n\u00a0 se consolid\u00f3 en el a\u00f1o 2007, y principalmente se centra en la biolog\u00eda molecular cl\u00e1sica y gen\u00f3mica funcional, utilizando como modelo la bacteria Myxococcus xanthus.<br \/>\nLas l\u00edneas de investigaci\u00f3n son las siguientes:<br \/>\n&#8211;\u00a0Desarrollo procari\u00f3tico<br \/>\n&#8211;\u00a0Respuesta global al cobre<br \/>\n&#8211;\u00a0Gen\u00f3mica bacteriana<\/p>\n","protected":false},"author":226,"featured_media":0,"parent":0,"menu_order":0,"comment_status":"closed","ping_status":"open","template":"","meta":{"_links_to":"","_links_to_target":""},"_links":{"self":[{"href":"https:\/\/microgenet.umh.es\/en\/wp-json\/wp\/v2\/pages\/54"}],"collection":[{"href":"https:\/\/microgenet.umh.es\/en\/wp-json\/wp\/v2\/pages"}],"about":[{"href":"https:\/\/microgenet.umh.es\/en\/wp-json\/wp\/v2\/types\/page"}],"author":[{"embeddable":true,"href":"https:\/\/microgenet.umh.es\/en\/wp-json\/wp\/v2\/users\/226"}],"replies":[{"embeddable":true,"href":"https:\/\/microgenet.umh.es\/en\/wp-json\/wp\/v2\/comments?post=54"}],"version-history":[{"count":0,"href":"https:\/\/microgenet.umh.es\/en\/wp-json\/wp\/v2\/pages\/54\/revisions"}],"wp:attachment":[{"href":"https:\/\/microgenet.umh.es\/en\/wp-json\/wp\/v2\/media?parent=54"}],"curies":[{"name":"wp","href":"https:\/\/api.w.org\/{rel}","templated":true}]}}